{"id":3,"date":"2020-10-14T09:14:34","date_gmt":"2020-10-14T09:14:34","guid":{"rendered":"https:\/\/psicofarris.it\/?page_id=3"},"modified":"2021-03-08T15:14:08","modified_gmt":"2021-03-08T15:14:08","slug":"privacy-policy","status":"publish","type":"page","link":"https:\/\/psicofarris.it\/?page_id=3","title":{"rendered":"Privacy Policy"},"content":{"rendered":"\r\n<p><strong>Informativa privacy ai sensi degli artt. 13-14 del Regolamento Europeo \u201cPrivacy\u201d (GDPR)<\/strong><\/p>\r\n<p>&nbsp;<\/p>\r\n<p>I dati personali da Lei inseriti, sono trattati da Studio Farris per finalit\u00e0 connesse alla fornitura dei servizi da Lei richiesti (a titolo esemplificativo: ottenere preventivi, acquistare beni e servizi e riceverli presso un domicilio da Lei indicato, scambiare documenti).<\/p>\r\n<p>Inoltre, i dati da Lei forniti, potrebbero essere trattati, solo su Suo esplicito consenso, al fine di inviarLe comunicazioni di natura commerciale via email o sms relativamente ai servizi offerti dal Titolare.<\/p>\r\n<p>Per modificare o cancellare i soli dati che sono archiviati sui sistemi che erogano il presente sito, cliccare qui. Le informazioni da lei inserite nel form (compreso il suo indirizzo email) potranno essere comunicate a una societ\u00e0 terza che agir\u00e0 in qualit\u00e0 di Responsabile esterno e che supporta il Titolare nella gestione del sito e nell\u2019evasione della sua richiesta.<\/p>\r\n<p>Nel caso di richiesta di cancellazione dei suoi dati, La informiamo che potrebbe non essere pi\u00f9 possibile continuare a fornirLe il servizio richiestoci.<\/p>\r\n<p>La informiamo, infine, che potr\u00e0 proporre reclamo all\u2019Autorit\u00e0 Garante per la Protezione dei Dati, qualora ritenesse siano stati violati i suoi diritti.<\/p>\r\n<p>&nbsp;<\/p>\r\n<header>\r\n<h2 class=\"page-title wp-block-heading\">Cookie Policy<\/h2>\r\n<\/header>\r\n<div class=\"content\">\r\n<div class=\"text-content standard-text\">\r\n<p>La presente Cookie Policy costituisce parte integrante dell\u2019informativa privacy.<\/p>\r\n<p>Questo sito web utilizza cookie e tecnologie simili per garantire il corretto funzionamento e migliorare l`esperienza di uso. Il presente testo fornisce informazioni dettagliate sull`utilizzo di tali strumenti da parte del titolare del trattamento e su come l\u2019utente pu\u00f2 gestirne il funzionamento.<\/p>\r\n<p><strong>Cosa \u00e8 un cookie\u00a0\u00a0<\/strong><\/p>\r\n<p><a href=\"http:\/\/www.garanteprivacy.it\/web\/guest\/home\/docweb\/-\/docweb-display\/docweb\/2142939\">Come illustrato dal Garante della Privacy nella specifica pagina di FAQ<\/a>, \u201c\u2026i cookie sono piccoli file di testo che i siti visitati dall`utente inviano al suo terminale (solitamente al browser), dove vengono memorizzati per essere poi ritrasmessi agli stessi siti alla successiva visita del medesimo utente. Nel corso della navigazione su un sito, l`utente pu\u00f2 ricevere sul suo terminale anche cookie di siti o di web server diversi (c.d.cookie di \u201cterze parti\u201d); ci\u00f2 accade perch\u00e9 sul sito web visitato possono essere presenti elementi come, ad esempio, immagini, mappe, suoni, specifici link a pagine web di altri domini\u00a0 che risiedono su server diversi da quello sul quale si trova la pagina richiesta. In altre parole, sono quei cookie che vengono impostati da un sito web diverso da quello che si sta attualmente visitando\u201d.<\/p>\r\n<p><strong>Tipologie di cookie<\/strong><\/p>\r\n<p><em>Cookie indispensabili<\/em><\/p>\r\n<p>Questi cookie sono essenziali al fine di consentire di spostarsi in tutto il sito ed utilizzare a pieno le sue caratteristiche, come ad esempio accedere alle varie aree protette del sito. Senza questi cookie alcuni servizi necessari, come la compilazione di un form per l\u2019invio di una segnalazione, non possono essere fruiti.<br \/>Utilizzando il nostro sito, l`utente accetta che tali cookie possono essere installati sul proprio dispositivo.<\/p>\r\n<p><em>Performance cookie<\/em><\/p>\r\n<p>Tali cookie raccolgono informazioni su come gli utenti utilizzano un sito web, ad esempio, quali sono le pagine pi\u00f9 visitate o se si ricevono messaggi di errore da pagine web. Questi cookie non raccolgono informazioni che identificano un visitatore: tutte le informazioni raccolte sono\u00a0 aggregate e quindi anonime. Vengono utilizzati solo per migliorare il funzionamento di un sito web.<br \/>Utilizzando il nostro sito, l`utente accetta che tali cookie possono essere installati sul proprio dispositivo.<\/p>\r\n<p><em>Cookie di funzionalit\u00e0<\/em><\/p>\r\n<p>Questi cookie consentono al sito di ricordare le scelte fatte dall\u2019utente (come il nome, la lingua o la regione di provenienza) e forniscono funzionalit\u00e0 avanzate personalizzate; possono essere utilizzati anche per ricordare le modifiche apportate alla dimensione del testo, font ed altre parti di pagine web che \u00e8 possibile personalizzare. Essi possono anche essere utilizzati per fornire specifici servizi richiesti, come guardare un video o commentare un articolo su un blog. Le informazioni raccolte da questi tipi di cookie possono essere rese anonime e non in grado di monitorare l\u2019attivit\u00e0 di navigazione su altri siti web.<br \/>Utilizzando il nostro sito, l`utente accetta che tali cookie possono essere installati sul proprio dispositivo.<\/p>\r\n<p><em>Cookie di profilazione<\/em><\/p>\r\n<p>Sono volti a creare profili relativi all`utente e vengono utilizzati al fine di inviare messaggi pubblicitari in linea con le preferenze manifestate dallo stesso nell`ambito della navigazione in rete. In ragione della particolare invasivit\u00e0 che tali dispositivi possono avere nell`ambito della sfera privata degli utenti, la normativa europea e italiana prevede che l`utente debba essere adeguatamente informato sull`uso degli stessi ed esprimere cos\u00ec il proprio esplicito consenso.\u00a0<u>Sul presente sito non vengono utilizzati cookie di questo tipo.<\/u><\/p>\r\n<p><em>Cookie di terze parti<\/em><\/p>\r\n<p>Visitando un sito web si possono ricevere cookie sia dal sito visitato (\u201cproprietari\u201d), sia da siti gestiti da altre organizzazioni (\u201cterze parti\u201d). Un esempio notevole \u00e8 rappresentato dalla presenza dei \u201csocial plugin\u201d per Facebook, Twitter, Google+, Youtube: si tratta di parti della pagina visitata generate direttamente dai suddetti siti ed integrati nella pagina del sito ospitante. L`utilizzo pi\u00f9 comune dei social plugin \u00e8 finalizzato alla condivisione dei contenuti sui social network. La presenza di questi plugin comporta la trasmissione di cookie da e verso tutti i siti gestiti da terze parti. La gestione delle informazioni raccolte da \u201cterze parti\u201d \u00e8\u00a0 disciplinata dalle relative informative cui si prega di fare riferimento.<\/p>\r\n<p><em>Cookie Analytics<\/em><\/p>\r\n<p>Questo sito usa Piwik Analytics, un servizio di analisi web che utlizza i cosiddetti \u201ccookie\u201d, dati testuali che sono salvati sul vostro computer e ci permettono un\u2019analisi dell\u2019utilizzo del sito web. Le informazioni generate attraverso i cookie relative all\u2019utilizzo del sito (compreso l\u2019indirizzo IP abbreviato), vengono trasmesse al nostro server e l\u00ec memorizzati per effettuare analisi sull\u2019utilizzo e ottimizzare il sito stesso. Gli indirizzi IP vengono salvati esclusivamente in forma anonima, cos\u00ec da escludere totalmente un riferimento diretto relativo ai dati salvati.<\/p>\r\n<p><iframe src=\"https:\/\/analytics.sinetinformatica.it\/index.php?module=CoreAdminHome&amp;action=optOut&amp;language=it&amp;backgroundColor=&amp;fontColor=&amp;fontSize=&amp;fontFamily=Lucida\" data-mce-fragment=\"1\"><\/iframe><\/p>\r\n<p><strong>Disabilitazione dei cookie<\/strong><\/p>\r\n<p>Per limitare, bloccare o eliminare i cookie basta intervenire sulle impostazioni del proprio web browser. La procedura varia leggermente rispetto al tipo di browser utilizzato. Per le istruzioni dettagliate, cliccare sul link relativo al browser utilizzato.<\/p>\r\n<ol>\r\n<li>Ulteriori informazioni sulla disabilitazione dei cookie su\u00a0<a href=\"https:\/\/support.mozilla.org\/it\/kb\/Attivare%20e%20disattivare%20i%20cookie\" target=\"_blank\" rel=\"noopener noreferrer\">Firefox<\/a><\/li>\r\n<li>Ulteriori informazioni sulla disabilitazione dei cookie su\u00a0<a href=\"http:\/\/www.google.com\/policies\/technologies\/managing\/\" target=\"_blank\" rel=\"noopener noreferrer\">Chrome<\/a><\/li>\r\n<li>Ulteriori informazioni sulla disabilitazione dei cookie su\u00a0<a href=\"http:\/\/windows.microsoft.com\/it-it\/internet-explorer\/delete-manage-cookies#ie=ie-11\" target=\"_blank\" rel=\"noopener noreferrer\">Internet Explorer<\/a><\/li>\r\n<li>Ulteriori informazioni sulla disabilitazione dei cookie su\u00a0<a href=\"http:\/\/support.apple.com\/kb\/HT1677?viewlocale=it_IT&amp;locale=it_IT\" target=\"_blank\" rel=\"noopener noreferrer\">Safari<\/a><\/li>\r\n<li>Ulteriori informazioni sulla disabilitazione dei cookie su\u00a0<a href=\"http:\/\/help.opera.com\/Mac\/12.10\/it\/cookies.html\" target=\"_blank\" rel=\"noopener noreferrer\">Opera<\/a><\/li>\r\n<\/ol>\r\n<p>Attenzione: alcune sezioni del nostro sito sono accessibili solo abilitando i cookie; disattivandoli \u00e8 possibile che non si abbia pi\u00f9 accesso ad alcuni contenuti e non si possano apprezzare appieno le funzionalit\u00e0 del\u00a0 sito web.<\/p>\r\n<p>I cookies tecnici non sono utilizzati per attivit\u00e0 di profilazione dell\u2019Utente.<\/p>\r\n<p><em>Il Titolare del trattamento dei dati relativo a questo sito \u00e8: Tania Farris<\/em><\/p>\r\n<\/div>\r\n<\/div>\r\n","protected":false},"excerpt":{"rendered":"<p>Informativa privacy ai sensi degli artt. 13-14 del Regolamento Europeo \u201cPrivacy\u201d (GDPR) &nbsp; I dati personali da Lei inseriti, sono trattati da Studio Farris per finalit\u00e0 connesse alla fornitura dei servizi da Lei richiesti (a titolo esemplificativo: ottenere preventivi, acquistare beni e servizi e riceverli presso un domicilio da Lei indicato, scambiare documenti). Inoltre, i &hellip; <a href=\"https:\/\/psicofarris.it\/?page_id=3\" class=\"more-link\">Continue reading <span class=\"screen-reader-text\">Privacy Policy<\/span><\/a><\/p>\n","protected":false},"author":1,"featured_media":0,"parent":0,"menu_order":0,"comment_status":"closed","ping_status":"open","template":"","meta":{"footnotes":""},"class_list":["post-3","page","type-page","status-publish","hentry"],"yoast_head":"<!-- This site is optimized with the Yoast SEO plugin v23.4 - https:\/\/yoast.com\/wordpress\/plugins\/seo\/ -->\n<title>Privacy Policy - Psicofarris<\/title>\n<meta name=\"robots\" content=\"index, follow, max-snippet:-1, max-image-preview:large, max-video-preview:-1\" \/>\n<link rel=\"canonical\" href=\"https:\/\/psicofarris.it\/?page_id=3\" \/>\n<meta property=\"og:locale\" content=\"it_IT\" \/>\n<meta property=\"og:type\" content=\"article\" \/>\n<meta property=\"og:title\" content=\"Privacy Policy - Psicofarris\" \/>\n<meta property=\"og:description\" content=\"Informativa privacy ai sensi degli artt. 13-14 del Regolamento Europeo \u201cPrivacy\u201d (GDPR) &nbsp; I dati personali da Lei inseriti, sono trattati da Studio Farris per finalit\u00e0 connesse alla fornitura dei servizi da Lei richiesti (a titolo esemplificativo: ottenere preventivi, acquistare beni e servizi e riceverli presso un domicilio da Lei indicato, scambiare documenti). Inoltre, i &hellip; Continue reading Privacy Policy\" \/>\n<meta property=\"og:url\" content=\"https:\/\/psicofarris.it\/?page_id=3\" \/>\n<meta property=\"og:site_name\" content=\"Psicofarris\" \/>\n<meta property=\"article:modified_time\" content=\"2021-03-08T15:14:08+00:00\" \/>\n<meta name=\"twitter:card\" content=\"summary_large_image\" \/>\n<meta name=\"twitter:label1\" content=\"Tempo di lettura stimato\" \/>\n\t<meta name=\"twitter:data1\" content=\"5 minuti\" \/>\n<script type=\"application\/ld+json\" class=\"yoast-schema-graph\">{\"@context\":\"https:\/\/schema.org\",\"@graph\":[{\"@type\":\"WebPage\",\"@id\":\"https:\/\/psicofarris.it\/?page_id=3\",\"url\":\"https:\/\/psicofarris.it\/?page_id=3\",\"name\":\"Privacy Policy - Psicofarris\",\"isPartOf\":{\"@id\":\"https:\/\/psicofarris.it\/#website\"},\"datePublished\":\"2020-10-14T09:14:34+00:00\",\"dateModified\":\"2021-03-08T15:14:08+00:00\",\"breadcrumb\":{\"@id\":\"https:\/\/psicofarris.it\/?page_id=3#breadcrumb\"},\"inLanguage\":\"it-IT\",\"potentialAction\":[{\"@type\":\"ReadAction\",\"target\":[\"https:\/\/psicofarris.it\/?page_id=3\"]}]},{\"@type\":\"BreadcrumbList\",\"@id\":\"https:\/\/psicofarris.it\/?page_id=3#breadcrumb\",\"itemListElement\":[{\"@type\":\"ListItem\",\"position\":1,\"name\":\"Home\",\"item\":\"https:\/\/psicofarris.it\/\"},{\"@type\":\"ListItem\",\"position\":2,\"name\":\"Privacy Policy\"}]},{\"@type\":\"WebSite\",\"@id\":\"https:\/\/psicofarris.it\/#website\",\"url\":\"https:\/\/psicofarris.it\/\",\"name\":\"Psicofarris\",\"description\":\"Studio di Psicoterapia\",\"publisher\":{\"@id\":\"https:\/\/psicofarris.it\/#organization\"},\"potentialAction\":[{\"@type\":\"SearchAction\",\"target\":{\"@type\":\"EntryPoint\",\"urlTemplate\":\"https:\/\/psicofarris.it\/?s={search_term_string}\"},\"query-input\":{\"@type\":\"PropertyValueSpecification\",\"valueRequired\":true,\"valueName\":\"search_term_string\"}}],\"inLanguage\":\"it-IT\"},{\"@type\":\"Organization\",\"@id\":\"https:\/\/psicofarris.it\/#organization\",\"name\":\"Studio Farris\",\"url\":\"https:\/\/psicofarris.it\/\",\"logo\":{\"@type\":\"ImageObject\",\"inLanguage\":\"it-IT\",\"@id\":\"https:\/\/psicofarris.it\/#\/schema\/logo\/image\/\",\"url\":\"https:\/\/psicofarris.it\/wp-content\/uploads\/2020\/12\/PsicoFarris-logo-white.png\",\"contentUrl\":\"https:\/\/psicofarris.it\/wp-content\/uploads\/2020\/12\/PsicoFarris-logo-white.png\",\"width\":323,\"height\":119,\"caption\":\"Studio Farris\"},\"image\":{\"@id\":\"https:\/\/psicofarris.it\/#\/schema\/logo\/image\/\"}}]}<\/script>\n<!-- \/ Yoast SEO plugin. -->","yoast_head_json":{"title":"Privacy Policy - Psicofarris","robots":{"index":"index","follow":"follow","max-snippet":"max-snippet:-1","max-image-preview":"max-image-preview:large","max-video-preview":"max-video-preview:-1"},"canonical":"https:\/\/psicofarris.it\/?page_id=3","og_locale":"it_IT","og_type":"article","og_title":"Privacy Policy - Psicofarris","og_description":"Informativa privacy ai sensi degli artt. 13-14 del Regolamento Europeo \u201cPrivacy\u201d (GDPR) &nbsp; I dati personali da Lei inseriti, sono trattati da Studio Farris per finalit\u00e0 connesse alla fornitura dei servizi da Lei richiesti (a titolo esemplificativo: ottenere preventivi, acquistare beni e servizi e riceverli presso un domicilio da Lei indicato, scambiare documenti). Inoltre, i &hellip; Continue reading Privacy Policy","og_url":"https:\/\/psicofarris.it\/?page_id=3","og_site_name":"Psicofarris","article_modified_time":"2021-03-08T15:14:08+00:00","twitter_card":"summary_large_image","twitter_misc":{"Tempo di lettura stimato":"5 minuti"},"schema":{"@context":"https:\/\/schema.org","@graph":[{"@type":"WebPage","@id":"https:\/\/psicofarris.it\/?page_id=3","url":"https:\/\/psicofarris.it\/?page_id=3","name":"Privacy Policy - Psicofarris","isPartOf":{"@id":"https:\/\/psicofarris.it\/#website"},"datePublished":"2020-10-14T09:14:34+00:00","dateModified":"2021-03-08T15:14:08+00:00","breadcrumb":{"@id":"https:\/\/psicofarris.it\/?page_id=3#breadcrumb"},"inLanguage":"it-IT","potentialAction":[{"@type":"ReadAction","target":["https:\/\/psicofarris.it\/?page_id=3"]}]},{"@type":"BreadcrumbList","@id":"https:\/\/psicofarris.it\/?page_id=3#breadcrumb","itemListElement":[{"@type":"ListItem","position":1,"name":"Home","item":"https:\/\/psicofarris.it\/"},{"@type":"ListItem","position":2,"name":"Privacy Policy"}]},{"@type":"WebSite","@id":"https:\/\/psicofarris.it\/#website","url":"https:\/\/psicofarris.it\/","name":"Psicofarris","description":"Studio di Psicoterapia","publisher":{"@id":"https:\/\/psicofarris.it\/#organization"},"potentialAction":[{"@type":"SearchAction","target":{"@type":"EntryPoint","urlTemplate":"https:\/\/psicofarris.it\/?s={search_term_string}"},"query-input":{"@type":"PropertyValueSpecification","valueRequired":true,"valueName":"search_term_string"}}],"inLanguage":"it-IT"},{"@type":"Organization","@id":"https:\/\/psicofarris.it\/#organization","name":"Studio Farris","url":"https:\/\/psicofarris.it\/","logo":{"@type":"ImageObject","inLanguage":"it-IT","@id":"https:\/\/psicofarris.it\/#\/schema\/logo\/image\/","url":"https:\/\/psicofarris.it\/wp-content\/uploads\/2020\/12\/PsicoFarris-logo-white.png","contentUrl":"https:\/\/psicofarris.it\/wp-content\/uploads\/2020\/12\/PsicoFarris-logo-white.png","width":323,"height":119,"caption":"Studio Farris"},"image":{"@id":"https:\/\/psicofarris.it\/#\/schema\/logo\/image\/"}}]}},"_links":{"self":[{"href":"https:\/\/psicofarris.it\/index.php?rest_route=\/wp\/v2\/pages\/3"}],"collection":[{"href":"https:\/\/psicofarris.it\/index.php?rest_route=\/wp\/v2\/pages"}],"about":[{"href":"https:\/\/psicofarris.it\/index.php?rest_route=\/wp\/v2\/types\/page"}],"author":[{"embeddable":true,"href":"https:\/\/psicofarris.it\/index.php?rest_route=\/wp\/v2\/users\/1"}],"replies":[{"embeddable":true,"href":"https:\/\/psicofarris.it\/index.php?rest_route=%2Fwp%2Fv2%2Fcomments&post=3"}],"version-history":[{"count":1,"href":"https:\/\/psicofarris.it\/index.php?rest_route=\/wp\/v2\/pages\/3\/revisions"}],"predecessor-version":[{"id":2820,"href":"https:\/\/psicofarris.it\/index.php?rest_route=\/wp\/v2\/pages\/3\/revisions\/2820"}],"wp:attachment":[{"href":"https:\/\/psicofarris.it\/index.php?rest_route=%2Fwp%2Fv2%2Fmedia&parent=3"}],"curies":[{"name":"wp","href":"https:\/\/api.w.org\/{rel}","templated":true}]}}