{"id":2622,"date":"2020-11-23T14:28:01","date_gmt":"2020-11-23T14:28:01","guid":{"rendered":"https:\/\/psicofarris.it\/?page_id=2622"},"modified":"2024-07-21T15:07:35","modified_gmt":"2024-07-21T15:07:35","slug":"il-mare-di-angela","status":"publish","type":"page","link":"https:\/\/psicofarris.it\/?page_id=2622","title":{"rendered":"Il Mare di Angela"},"content":{"rendered":"<p>[vc_row][vc_column][vc_column_text]<\/p>\n<h2>Un mare di storie per attraversare il mare<\/h2>\n<p>La pagina ospita storie; scritte, musicate, raccontate artisticamente. Del mare siamo figli, tutti sappiamo che solo una D lo separa da madre. Archetipo per eccellenza, calmo o in tempesta, ci<br \/>\naccompagna nel nostro viaggio insieme. Noi abbiamo scritto la prima, ma saremo felici di ospitare tutte quelle particolarmente belle di cui verremo a conoscenza.[\/vc_column_text][\/vc_column][\/vc_row][vc_row][vc_column][vc_column_text]<\/p>\n<figure id=\"attachment_3023\" aria-describedby=\"caption-attachment-3023\" style=\"width: 300px\" class=\"wp-caption alignnone\"><img loading=\"lazy\" decoding=\"async\" class=\"size-medium wp-image-3023\" src=\"https:\/\/psicofarris.it\/wp-content\/uploads\/2024\/07\/Mare-Madre-300x159.jpg\" alt=\"Mare Madre\" width=\"300\" height=\"159\" srcset=\"https:\/\/psicofarris.it\/wp-content\/uploads\/2024\/07\/Mare-Madre-300x159.jpg 300w, https:\/\/psicofarris.it\/wp-content\/uploads\/2024\/07\/Mare-Madre.jpg 703w\" sizes=\"(max-width: 300px) 100vw, 300px\" \/><figcaption id=\"caption-attachment-3023\" class=\"wp-caption-text\">Il Mare di Angela<\/figcaption><\/figure>\n<p>Mare Madre<\/p>\n<p>Non so se anche a voi capita di avvertire, a volte con maggiore intensit\u00e0 a volte minore, un\u2019inquietudine che a tratti sfocia anche in un senso di speranza e stupore. Senza che nessuna delle due emozioni sia legata ad un particolare vissuto personale, ma abbia invece a che fare con un senso di sospensione storica. Come se all\u2019improvviso la mia coscienza fosse spaventata o al contrario attratta dal realizzare che da questa complessit\u00e0 contemporanea, cos\u00ec terribile se penso alle guerre o ai mutamenti climatici o alle epidemie, potesse per\u00f2 anche inaspettatamente e improvvisamente nascere qualcosa di buono. L\u2019estate \u00e8 da sempre la stagione che accompagna i miei sogni pi\u00f9 infantili e pi\u00f9 profondi; il mare della Sardegna, le giornate lunghissime e tutte in compagnia di amici, parenti, tante tante persone! Un senso indefinito di comunit\u00e0, di appartenenza, segnato dagli odori e dai sapori estivi. Una speranza spudorata di cui non saprei scrivere a parole, ma solo evocarla con il suono delle onde, i canti antichi e popolari che mi capitava spesso di ascoltare, ma anche l\u2019odore della frittura che mi sembra di sentire ancora arrivare dalla finestra accanto alla mia. Qui nasce e rinasce, a prescindere da quanta morte ci sia stata in mezzo, quel senso di speranza che, come nell\u2019Antologia di Spoon River, mi fa credere ancora che \u201cdare un senso alla vita pu\u00f2 condurre alla follia, ma una vita senza senso \u00e8 la tortura dell\u2019inquietudine e del vano desiderio. \u00c8 una barca che anela al mare eppure lo teme\u201d.[\/vc_column_text][\/vc_column][\/vc_row]<\/p>\n","protected":false},"excerpt":{"rendered":"<p>[vc_row][vc_column][vc_column_text] Un mare di storie per attraversare il mare La pagina ospita storie; scritte, musicate, raccontate artisticamente. Del mare siamo figli, tutti sappiamo che solo una D lo separa da madre. Archetipo per eccellenza, calmo o in tempesta, ci accompagna nel nostro viaggio insieme. Noi abbiamo scritto la prima, ma saremo felici di ospitare tutte &hellip; <a href=\"https:\/\/psicofarris.it\/?page_id=2622\" class=\"more-link\">Continue reading <span class=\"screen-reader-text\">Il Mare di Angela<\/span><\/a><\/p>\n","protected":false},"author":1,"featured_media":0,"parent":0,"menu_order":0,"comment_status":"closed","ping_status":"closed","template":"","meta":{"footnotes":""},"class_list":["post-2622","page","type-page","status-publish","hentry"],"yoast_head":"<!-- This site is optimized with the Yoast SEO plugin v23.4 - https:\/\/yoast.com\/wordpress\/plugins\/seo\/ -->\n<title>Il Mare di Angela - Psicofarris<\/title>\n<meta name=\"robots\" content=\"index, follow, max-snippet:-1, max-image-preview:large, max-video-preview:-1\" \/>\n<link rel=\"canonical\" href=\"https:\/\/psicofarris.it\/?page_id=2622\" \/>\n<meta property=\"og:locale\" content=\"it_IT\" \/>\n<meta property=\"og:type\" content=\"article\" \/>\n<meta property=\"og:title\" content=\"Il Mare di Angela - Psicofarris\" \/>\n<meta property=\"og:description\" content=\"[vc_row][vc_column][vc_column_text] Un mare di storie per attraversare il mare La pagina ospita storie; scritte, musicate, raccontate artisticamente. Del mare siamo figli, tutti sappiamo che solo una D lo separa da madre. Archetipo per eccellenza, calmo o in tempesta, ci accompagna nel nostro viaggio insieme. Noi abbiamo scritto la prima, ma saremo felici di ospitare tutte &hellip; Continue reading Il Mare di Angela\" \/>\n<meta property=\"og:url\" content=\"https:\/\/psicofarris.it\/?page_id=2622\" \/>\n<meta property=\"og:site_name\" content=\"Psicofarris\" \/>\n<meta property=\"article:modified_time\" content=\"2024-07-21T15:07:35+00:00\" \/>\n<meta property=\"og:image\" content=\"https:\/\/psicofarris.it\/wp-content\/uploads\/2024\/07\/Mare-Madre-300x159.jpg\" \/>\n<meta name=\"twitter:card\" content=\"summary_large_image\" \/>\n<meta name=\"twitter:label1\" content=\"Tempo di lettura stimato\" \/>\n\t<meta name=\"twitter:data1\" content=\"2 minuti\" \/>\n<script type=\"application\/ld+json\" class=\"yoast-schema-graph\">{\"@context\":\"https:\/\/schema.org\",\"@graph\":[{\"@type\":\"WebPage\",\"@id\":\"https:\/\/psicofarris.it\/?page_id=2622\",\"url\":\"https:\/\/psicofarris.it\/?page_id=2622\",\"name\":\"Il Mare di Angela - Psicofarris\",\"isPartOf\":{\"@id\":\"https:\/\/psicofarris.it\/#website\"},\"primaryImageOfPage\":{\"@id\":\"https:\/\/psicofarris.it\/?page_id=2622#primaryimage\"},\"image\":{\"@id\":\"https:\/\/psicofarris.it\/?page_id=2622#primaryimage\"},\"thumbnailUrl\":\"https:\/\/psicofarris.it\/wp-content\/uploads\/2024\/07\/Mare-Madre-300x159.jpg\",\"datePublished\":\"2020-11-23T14:28:01+00:00\",\"dateModified\":\"2024-07-21T15:07:35+00:00\",\"breadcrumb\":{\"@id\":\"https:\/\/psicofarris.it\/?page_id=2622#breadcrumb\"},\"inLanguage\":\"it-IT\",\"potentialAction\":[{\"@type\":\"ReadAction\",\"target\":[\"https:\/\/psicofarris.it\/?page_id=2622\"]}]},{\"@type\":\"ImageObject\",\"inLanguage\":\"it-IT\",\"@id\":\"https:\/\/psicofarris.it\/?page_id=2622#primaryimage\",\"url\":\"https:\/\/psicofarris.it\/wp-content\/uploads\/2024\/07\/Mare-Madre.jpg\",\"contentUrl\":\"https:\/\/psicofarris.it\/wp-content\/uploads\/2024\/07\/Mare-Madre.jpg\",\"width\":703,\"height\":373,\"caption\":\"Il Mare di Angela\"},{\"@type\":\"BreadcrumbList\",\"@id\":\"https:\/\/psicofarris.it\/?page_id=2622#breadcrumb\",\"itemListElement\":[{\"@type\":\"ListItem\",\"position\":1,\"name\":\"Home\",\"item\":\"https:\/\/psicofarris.it\/\"},{\"@type\":\"ListItem\",\"position\":2,\"name\":\"Il Mare di Angela\"}]},{\"@type\":\"WebSite\",\"@id\":\"https:\/\/psicofarris.it\/#website\",\"url\":\"https:\/\/psicofarris.it\/\",\"name\":\"Psicofarris\",\"description\":\"Studio di Psicoterapia\",\"publisher\":{\"@id\":\"https:\/\/psicofarris.it\/#organization\"},\"potentialAction\":[{\"@type\":\"SearchAction\",\"target\":{\"@type\":\"EntryPoint\",\"urlTemplate\":\"https:\/\/psicofarris.it\/?s={search_term_string}\"},\"query-input\":{\"@type\":\"PropertyValueSpecification\",\"valueRequired\":true,\"valueName\":\"search_term_string\"}}],\"inLanguage\":\"it-IT\"},{\"@type\":\"Organization\",\"@id\":\"https:\/\/psicofarris.it\/#organization\",\"name\":\"Studio Farris\",\"url\":\"https:\/\/psicofarris.it\/\",\"logo\":{\"@type\":\"ImageObject\",\"inLanguage\":\"it-IT\",\"@id\":\"https:\/\/psicofarris.it\/#\/schema\/logo\/image\/\",\"url\":\"https:\/\/psicofarris.it\/wp-content\/uploads\/2020\/12\/PsicoFarris-logo-white.png\",\"contentUrl\":\"https:\/\/psicofarris.it\/wp-content\/uploads\/2020\/12\/PsicoFarris-logo-white.png\",\"width\":323,\"height\":119,\"caption\":\"Studio Farris\"},\"image\":{\"@id\":\"https:\/\/psicofarris.it\/#\/schema\/logo\/image\/\"}}]}<\/script>\n<!-- \/ Yoast SEO plugin. -->","yoast_head_json":{"title":"Il Mare di Angela - Psicofarris","robots":{"index":"index","follow":"follow","max-snippet":"max-snippet:-1","max-image-preview":"max-image-preview:large","max-video-preview":"max-video-preview:-1"},"canonical":"https:\/\/psicofarris.it\/?page_id=2622","og_locale":"it_IT","og_type":"article","og_title":"Il Mare di Angela - Psicofarris","og_description":"[vc_row][vc_column][vc_column_text] Un mare di storie per attraversare il mare La pagina ospita storie; scritte, musicate, raccontate artisticamente. Del mare siamo figli, tutti sappiamo che solo una D lo separa da madre. Archetipo per eccellenza, calmo o in tempesta, ci accompagna nel nostro viaggio insieme. Noi abbiamo scritto la prima, ma saremo felici di ospitare tutte &hellip; Continue reading Il Mare di Angela","og_url":"https:\/\/psicofarris.it\/?page_id=2622","og_site_name":"Psicofarris","article_modified_time":"2024-07-21T15:07:35+00:00","og_image":[{"url":"https:\/\/psicofarris.it\/wp-content\/uploads\/2024\/07\/Mare-Madre-300x159.jpg"}],"twitter_card":"summary_large_image","twitter_misc":{"Tempo di lettura stimato":"2 minuti"},"schema":{"@context":"https:\/\/schema.org","@graph":[{"@type":"WebPage","@id":"https:\/\/psicofarris.it\/?page_id=2622","url":"https:\/\/psicofarris.it\/?page_id=2622","name":"Il Mare di Angela - Psicofarris","isPartOf":{"@id":"https:\/\/psicofarris.it\/#website"},"primaryImageOfPage":{"@id":"https:\/\/psicofarris.it\/?page_id=2622#primaryimage"},"image":{"@id":"https:\/\/psicofarris.it\/?page_id=2622#primaryimage"},"thumbnailUrl":"https:\/\/psicofarris.it\/wp-content\/uploads\/2024\/07\/Mare-Madre-300x159.jpg","datePublished":"2020-11-23T14:28:01+00:00","dateModified":"2024-07-21T15:07:35+00:00","breadcrumb":{"@id":"https:\/\/psicofarris.it\/?page_id=2622#breadcrumb"},"inLanguage":"it-IT","potentialAction":[{"@type":"ReadAction","target":["https:\/\/psicofarris.it\/?page_id=2622"]}]},{"@type":"ImageObject","inLanguage":"it-IT","@id":"https:\/\/psicofarris.it\/?page_id=2622#primaryimage","url":"https:\/\/psicofarris.it\/wp-content\/uploads\/2024\/07\/Mare-Madre.jpg","contentUrl":"https:\/\/psicofarris.it\/wp-content\/uploads\/2024\/07\/Mare-Madre.jpg","width":703,"height":373,"caption":"Il Mare di Angela"},{"@type":"BreadcrumbList","@id":"https:\/\/psicofarris.it\/?page_id=2622#breadcrumb","itemListElement":[{"@type":"ListItem","position":1,"name":"Home","item":"https:\/\/psicofarris.it\/"},{"@type":"ListItem","position":2,"name":"Il Mare di Angela"}]},{"@type":"WebSite","@id":"https:\/\/psicofarris.it\/#website","url":"https:\/\/psicofarris.it\/","name":"Psicofarris","description":"Studio di Psicoterapia","publisher":{"@id":"https:\/\/psicofarris.it\/#organization"},"potentialAction":[{"@type":"SearchAction","target":{"@type":"EntryPoint","urlTemplate":"https:\/\/psicofarris.it\/?s={search_term_string}"},"query-input":{"@type":"PropertyValueSpecification","valueRequired":true,"valueName":"search_term_string"}}],"inLanguage":"it-IT"},{"@type":"Organization","@id":"https:\/\/psicofarris.it\/#organization","name":"Studio Farris","url":"https:\/\/psicofarris.it\/","logo":{"@type":"ImageObject","inLanguage":"it-IT","@id":"https:\/\/psicofarris.it\/#\/schema\/logo\/image\/","url":"https:\/\/psicofarris.it\/wp-content\/uploads\/2020\/12\/PsicoFarris-logo-white.png","contentUrl":"https:\/\/psicofarris.it\/wp-content\/uploads\/2020\/12\/PsicoFarris-logo-white.png","width":323,"height":119,"caption":"Studio Farris"},"image":{"@id":"https:\/\/psicofarris.it\/#\/schema\/logo\/image\/"}}]}},"_links":{"self":[{"href":"https:\/\/psicofarris.it\/index.php?rest_route=\/wp\/v2\/pages\/2622"}],"collection":[{"href":"https:\/\/psicofarris.it\/index.php?rest_route=\/wp\/v2\/pages"}],"about":[{"href":"https:\/\/psicofarris.it\/index.php?rest_route=\/wp\/v2\/types\/page"}],"author":[{"embeddable":true,"href":"https:\/\/psicofarris.it\/index.php?rest_route=\/wp\/v2\/users\/1"}],"replies":[{"embeddable":true,"href":"https:\/\/psicofarris.it\/index.php?rest_route=%2Fwp%2Fv2%2Fcomments&post=2622"}],"version-history":[{"count":9,"href":"https:\/\/psicofarris.it\/index.php?rest_route=\/wp\/v2\/pages\/2622\/revisions"}],"predecessor-version":[{"id":3027,"href":"https:\/\/psicofarris.it\/index.php?rest_route=\/wp\/v2\/pages\/2622\/revisions\/3027"}],"wp:attachment":[{"href":"https:\/\/psicofarris.it\/index.php?rest_route=%2Fwp%2Fv2%2Fmedia&parent=2622"}],"curies":[{"name":"wp","href":"https:\/\/api.w.org\/{rel}","templated":true}]}}